{"id":384,"date":"2022-07-25T08:44:27","date_gmt":"2022-07-25T06:44:27","guid":{"rendered":"https:\/\/l45suisse.ch\/?page_id=384"},"modified":"2025-05-25T15:12:03","modified_gmt":"2025-05-25T13:12:03","slug":"politique-de-confidentialite","status":"publish","type":"page","link":"https:\/\/l45suisse.ch\/fr\/politique-de-confidentialite\/","title":{"rendered":"Politique de confidentialit\u00e9"},"content":{"rendered":"\n<h5 class=\"privacy-policy-h1\"><span>Derni\u00e8re mise \u00e0 jour le 22-mai-2025<\/span>\n    <br\/><span>Date d&rsquo;entr\u00e9e en vigueur le 22-mai-2025<\/span>\n    <\/h5>\n    \n    <p class=\"privacy-policy-p\">\n  Cette politique de confidentialit\u00e9 d\u00e9crit les politiques de\n    \n L45 SUISSE Sagl,\n Via Carlo Maderno 18, Lugano,\n Cantone Ticino\n 6900,\n Suisse,\n email : alessio@l45suisse.ch,\n phone : +41793971423\n    \n sur la collecte,\n l&rsquo;utilisation et la divulgation de vos informations que nous collectons\n lorsque vous utilisez notre site web ( https:\/\/l45suisse.ch\/ ).\n (le \u00ab Service \u00bb). \n En acc\u00e9dant au service\n ou en l&rsquo;utilisant, vous consentez \u00e0 la collecte, \u00e0 l&rsquo;utilisation et \u00e0 la divulgation\n de vos informations conform\u00e9ment \u00e0 la pr\u00e9sente politique de confidentialit\u00e9\n. Si vous n&rsquo;y consentez pas,\n, veuillez ne pas acc\u00e9der au service ni l&rsquo;utiliser.\n    <\/p>\n    \n    <p class=\"privacy-policy-p\">\n  Nous pouvons modifier cette politique de confidentialit\u00e9 \u00e0 tout moment sans\n vous en informer au pr\u00e9alable et nous publierons la politique de confidentialit\u00e9 r\u00e9vis\u00e9e\n sur le service. La politique r\u00e9vis\u00e9e\n entrera en vigueur 180 jours apr\u00e8s la publication de la politique r\u00e9vis\u00e9e\n dans le service et votre\n acc\u00e8s ou utilisation continue du service apr\u00e8s cette date\n constituera votre acceptation de la politique de confidentialit\u00e9 r\u00e9vis\u00e9e\n. Nous vous recommandons donc de consulter r\u00e9guli\u00e8rement cette page\n.  \n    <\/p>\n    \n    <ol class=\"privacy-policy-ol\">\n            <li>\n            <h5 class=\"privacy-policy-h5\">\n  Les informations que nous recueillons :\n            <\/h5>\n    \n            \n            <p class=\"privacy-policy-p\">\n  Nous collecterons et traiterons les informations personnelles suivantes\n vous concernant :\n            <\/p>\n            <ol class=\"privacy-policy-ol\">\n    \n                            <li>Nom<\/li>\n                \n                            <li>Courriel<\/li>\n                \n                \n                \n                \n                \n                \n                            \n                                        \n            <\/ol>\n            \n    \n            \n    \n        <\/li>\n    \n        \n        \n    \n            <li>\n            <h5 class=\"privacy-policy-h5\">\n  Comment nous utilisons vos informations :\n            <\/h5>\n            <p class=\"privacy-policy-p\">\n  Nous utiliserons les informations que nous recueillons sur\n \u00e0 votre sujet aux fins suivantes :\n            <\/p>\n            <ol class=\"privacy-policy-ol\">\n    \n                \n                \n                \n                \n                \n                \n                            <li>Soutien<\/li>\n                \n                \n                \n                \n                \n                \n                \n                \n            <\/ol>\n            <p class=\"privacy-policy-p\">\n  Si nous voulons utiliser vos informations \u00e0 d&rsquo;autres fins\n, nous vous demanderons votre consentement et\n n&rsquo;utiliserons vos informations qu&rsquo;apr\u00e8s avoir re\u00e7u votre\n consentement et, dans ce cas, uniquement aux fins\n pour lesquelles vous avez donn\u00e9 votre consentement, \u00e0 moins que la loi ne nous oblige \u00e0 faire\n autrement.\n            <\/p>\n        <\/li>\n        \n        \n        <li>\n            <h5 class=\"privacy-policy-h5\">\n  Comment nous partageons vos informations :\n            <\/h5>\n    \n    \n                    <p class=\"privacy-policy-p\">\n  Nous ne transf\u00e9rerons pas vos informations personnelles\n \u00e0 une tierce partie sans votre consentement,\n sauf dans les circonstances limit\u00e9es d\u00e9crites\n ci-dessous :\n            <\/p>\n            <ol class=\"privacy-policy-ol\">\n                \n                \n                \n                \n                            <li>Analyse<\/li>\n                \n                \n                        <\/ol>\n            \n            <p class=\"privacy-policy-p\">\n  Nous demandons \u00e0 ces tiers d&rsquo;utiliser les\n informations personnelles que nous leur transf\u00e9rons uniquement\n dans le but pour lequel elles ont \u00e9t\u00e9 transf\u00e9r\u00e9es et\n de ne pas les conserver plus longtemps qu&rsquo;il n&rsquo;est n\u00e9cessaire pour\n atteindre ledit but.\n            <\/p>\n            <p class=\"privacy-policy-p\">\n  Nous pouvons \u00e9galement divulguer vos informations personnelles\n dans les cas suivants : (1) pour se conformer \u00e0 la loi\n, \u00e0 la r\u00e9glementation, \u00e0 l&rsquo;ordonnance d&rsquo;un tribunal ou \u00e0 toute autre proc\u00e9dure l\u00e9gale\n; (2) pour faire respecter les accords que vous avez conclus avec nous,\n y compris la pr\u00e9sente politique de confidentialit\u00e9 ; ou (3) pour r\u00e9pondre\n \u00e0 des r\u00e9clamations selon lesquelles votre utilisation du service viole\n les droits d&rsquo;un tiers. Si le service ou notre soci\u00e9t\u00e9\n est fusionn\u00e9 ou acquis par une autre soci\u00e9t\u00e9\n, vos informations seront l&rsquo;un des actifs\n transf\u00e9r\u00e9s au nouveau propri\u00e9taire. \n            <\/p>\n        <\/li>\n        \n    \n            <li>\n            <h5 class=\"privacy-policy-h5\">\n  Conservation de vos informations :\n            <\/h5>\n            <p class=\"privacy-policy-p\">\n  Nous conserverons vos informations personnelles sur\n pendant\n 90 jours \u00e0 2 ans apr\u00e8s que les utilisateurs ont r\u00e9sili\u00e9 leur compte\n ou aussi longtemps\n que nous en aurons besoin pour atteindre les objectifs\n pour lesquels elles ont \u00e9t\u00e9 collect\u00e9es, tels que d\u00e9taill\u00e9s dans la pr\u00e9sente\n politique de protection de la vie priv\u00e9e. Il se peut que nous devions conserver certaines informations\n pendant des p\u00e9riodes plus longues, par exemple\n pour la tenue de registres\/rapports conform\u00e9ment \u00e0\n la loi applicable ou pour d&rsquo;autres raisons l\u00e9gitimes\n telles que l&rsquo;application des droits l\u00e9gaux, la pr\u00e9vention de la fraude\n, etc. Les informations anonymes r\u00e9siduelles\n et les informations agr\u00e9g\u00e9es, qui ne permettent pas\n de vous identifier (directement ou indirectement), peuvent \u00eatre stock\u00e9es ind\u00e9finiment\n.  \n            <\/p>\n        <\/li>\n        \n        <li>\n            <h5 class=\"privacy-policy-h5\">\n  Vos droits :\n            <\/h5>\n            <p class=\"privacy-policy-p\">\n  En fonction de la loi applicable, vous pouvez avoir\n un droit d&rsquo;acc\u00e8s et de rectification ou d&rsquo;effacement de vos donn\u00e9es personnelles\n ou de recevoir une copie de vos donn\u00e9es personnelles\n, de restreindre ou de vous opposer au traitement actif\n de vos donn\u00e9es, de nous demander de partager (portage)\n vos informations personnelles avec une autre entit\u00e9,\n de retirer tout consentement que vous nous avez donn\u00e9 pour\n traiter vos donn\u00e9es, un droit de d\u00e9poser une plainte\n aupr\u00e8s d&rsquo;une autorit\u00e9 statutaire et d&rsquo;autres droits\n qui peuvent \u00eatre pertinents en vertu des lois applicables. Pour\n exercer ces droits, vous pouvez nous \u00e9crire \u00e0\n alessio@l45suisse.ch.\n Nous r\u00e9pondrons \u00e0 votre demande\n conform\u00e9ment \u00e0 la l\u00e9gislation applicable. \n            <\/p>\n    \n            \n            <p class=\"privacy-policy-p\">\n  Veuillez noter que si vous ne nous autorisez pas \u00e0 collecter\n ou \u00e0 traiter les informations personnelles requises ou si\n vous retirez votre consentement au traitement de ces informations aux fins\n requises, il se peut que vous ne puissiez pas acc\u00e9der \u00e0\n ou utiliser les services pour lesquels vos informations\n ont \u00e9t\u00e9 demand\u00e9es.\n            <\/p>\n        <\/li>\n            <li>\n            <h5 class=\"privacy-policy-h5\">\n  Cookies Etc.\n            <\/h5>\n            <p class=\"privacy-policy-p\">\n    \n                \n  Pour en savoir plus sur la mani\u00e8re dont nous utilisons ces technologies\n et sur les choix qui s&rsquo;offrent \u00e0 vous en ce qui concerne ces technologies de suivi\n, veuillez consulter notre\n <a href=\"https:\/\/l45suisse.ch\/fr\/politique-en-matiere-de-cookies\/\">Politique en mati\u00e8re de cookies.<\/a>\n            <\/p>\n        <\/li>\n        \n        <li>\n            <h5 class=\"privacy-policy-h5\">\n  La s\u00e9curit\u00e9 :\n            <\/h5>\n            <p class=\"privacy-policy-p\">\n  La s\u00e9curit\u00e9 de vos informations est importante pour\n et nous utiliserons des mesures de s\u00e9curit\u00e9 raisonnables\n pour emp\u00eacher la perte, l&rsquo;utilisation abusive ou l&rsquo;alt\u00e9ration non autoris\u00e9e\n de vos informations sous notre contr\u00f4le\n. Toutefois, compte tenu des risques inh\u00e9rents, nous\n ne pouvons pas garantir une s\u00e9curit\u00e9 absolue et\n par cons\u00e9quent, nous ne pouvons pas assurer ou garantir la s\u00e9curit\u00e9\n de toute information que vous nous transmettez\n et vous le faites \u00e0 vos propres risques. \n            <\/p>\n        <\/li>\n    \n        \n        <li>\n            <h5 class=\"privacy-policy-h5\">\n  Responsable des griefs \/ de la protection des donn\u00e9es :\n            <\/h5>\n            <p class=\"privacy-policy-p\">\n  Si vous avez des questions ou des pr\u00e9occupations concernant le traitement\n de vos informations disponibles\n, vous pouvez envoyer un courriel \u00e0 notre responsable des griefs \u00e0 l&rsquo;adresse suivante :\n L45 SUISSE Sagl,\n Via Carlo Maderno 18, Lugano,\n email : alessio@l45suisse.ch.\n Nous r\u00e9pondrons \u00e0 vos pr\u00e9occupations conform\u00e9ment \u00e0 la l\u00e9gislation applicable.\n            <\/p>\n        <\/li>\n    <\/ol>\n\n\n\n<p><\/p>\n","protected":false},"excerpt":{"rendered":"<p>Derni\u00e8re mise \u00e0 jour le 22-mai-2025 Date d&rsquo;entr\u00e9e en vigueur le 22-mai-2025 Cette politique de confidentialit\u00e9 d\u00e9crit les politiques de L45 SUISSE Sagl, Via Carlo Maderno<span class=\"excerpt-hellip\"> [\u2026]<\/span><\/p>\n","protected":false},"author":2,"featured_media":0,"parent":0,"menu_order":0,"comment_status":"open","ping_status":"open","template":"","meta":{"footnotes":""},"class_list":["post-384","page","type-page","status-publish","hentry"],"yoast_head":"<!-- This site is optimized with the Yoast SEO Premium plugin v25.4 (Yoast SEO v25.3) - https:\/\/yoast.com\/wordpress\/plugins\/seo\/ -->\n<title>Politique de confidentialit\u00e9 - L45 SUISSE Sagl<\/title>\n<meta name=\"robots\" content=\"noindex, follow\" \/>\n<meta property=\"og:locale\" content=\"fr_FR\" \/>\n<meta property=\"og:type\" content=\"article\" \/>\n<meta property=\"og:title\" content=\"Politique de confidentialit\u00e9 - L45 SUISSE Sagl\" \/>\n<meta property=\"og:description\" content=\"Derni\u00e8re mise \u00e0 jour le 22-mai-2025 Date d&rsquo;entr\u00e9e en vigueur le 22-mai-2025 Cette politique de confidentialit\u00e9 d\u00e9crit les politiques de L45 SUISSE Sagl, Via Carlo Maderno [\u2026]\" \/>\n<meta property=\"og:url\" content=\"https:\/\/l45suisse.ch\/fr\/politique-de-confidentialite\/\" \/>\n<meta property=\"og:site_name\" content=\"L45 SUISSE Sagl\" \/>\n<meta property=\"article:modified_time\" content=\"2025-05-25T13:12:03+00:00\" \/>\n<meta name=\"twitter:card\" content=\"summary_large_image\" \/>\n<meta name=\"twitter:label1\" content=\"Dur\u00e9e de lecture estim\u00e9e\" \/>\n\t<meta name=\"twitter:data1\" content=\"5 minutes\" \/>\n<script type=\"application\/ld+json\" class=\"yoast-schema-graph\">{\"@context\":\"https:\/\/schema.org\",\"@graph\":[{\"@type\":\"WebPage\",\"@id\":\"https:\/\/l45suisse.ch\/fr\/politique-de-confidentialite\/\",\"url\":\"https:\/\/l45suisse.ch\/fr\/politique-de-confidentialite\/\",\"name\":\"Politique de confidentialit\u00e9 - L45 SUISSE Sagl\",\"isPartOf\":{\"@id\":\"https:\/\/l45suisse.ch\/fr\/#website\"},\"datePublished\":\"2022-07-25T06:44:27+00:00\",\"dateModified\":\"2025-05-25T13:12:03+00:00\",\"breadcrumb\":{\"@id\":\"https:\/\/l45suisse.ch\/fr\/politique-de-confidentialite\/#breadcrumb\"},\"inLanguage\":\"fr-FR\",\"potentialAction\":[{\"@type\":\"ReadAction\",\"target\":[\"https:\/\/l45suisse.ch\/fr\/politique-de-confidentialite\/\"]}]},{\"@type\":\"BreadcrumbList\",\"@id\":\"https:\/\/l45suisse.ch\/fr\/politique-de-confidentialite\/#breadcrumb\",\"itemListElement\":[{\"@type\":\"ListItem\",\"position\":1,\"name\":\"Home\",\"item\":\"https:\/\/l45suisse.ch\/fr\/\"},{\"@type\":\"ListItem\",\"position\":2,\"name\":\"Politique de confidentialit\u00e9\"}]},{\"@type\":\"WebSite\",\"@id\":\"https:\/\/l45suisse.ch\/fr\/#website\",\"url\":\"https:\/\/l45suisse.ch\/fr\/\",\"name\":\"L45 SUISSE Sagl\",\"description\":\"Gestion des processus Innovation en mati\u00e8re d'IA pour les entreprises et la communication\",\"publisher\":{\"@id\":\"https:\/\/l45suisse.ch\/fr\/#organization\"},\"potentialAction\":[{\"@type\":\"SearchAction\",\"target\":{\"@type\":\"EntryPoint\",\"urlTemplate\":\"https:\/\/l45suisse.ch\/fr\/?s={search_term_string}\"},\"query-input\":{\"@type\":\"PropertyValueSpecification\",\"valueRequired\":true,\"valueName\":\"search_term_string\"}}],\"inLanguage\":\"fr-FR\"},{\"@type\":\"Organization\",\"@id\":\"https:\/\/l45suisse.ch\/fr\/#organization\",\"name\":\"L45 SUISSE Sagl\",\"url\":\"https:\/\/l45suisse.ch\/fr\/\",\"logo\":{\"@type\":\"ImageObject\",\"inLanguage\":\"fr-FR\",\"@id\":\"https:\/\/l45suisse.ch\/fr\/#\/schema\/logo\/image\/\",\"url\":\"https:\/\/l45suisse.ch\/wp-content\/uploads\/2025\/05\/L45-logo-rosso_2.png\",\"contentUrl\":\"https:\/\/l45suisse.ch\/wp-content\/uploads\/2025\/05\/L45-logo-rosso_2.png\",\"width\":800,\"height\":758,\"caption\":\"L45 SUISSE Sagl\"},\"image\":{\"@id\":\"https:\/\/l45suisse.ch\/fr\/#\/schema\/logo\/image\/\"},\"sameAs\":[\"https:\/\/www.linkedin.com\/company\/l45-suisse\/\"]}]}<\/script>\n<!-- \/ Yoast SEO Premium plugin. -->","yoast_head_json":{"title":"Politique de confidentialit\u00e9 - L45 SUISSE Sagl","robots":{"index":"noindex","follow":"follow"},"og_locale":"fr_FR","og_type":"article","og_title":"Politique de confidentialit\u00e9 - L45 SUISSE Sagl","og_description":"Derni\u00e8re mise \u00e0 jour le 22-mai-2025 Date d&rsquo;entr\u00e9e en vigueur le 22-mai-2025 Cette politique de confidentialit\u00e9 d\u00e9crit les politiques de L45 SUISSE Sagl, Via Carlo Maderno [\u2026]","og_url":"https:\/\/l45suisse.ch\/fr\/politique-de-confidentialite\/","og_site_name":"L45 SUISSE Sagl","article_modified_time":"2025-05-25T13:12:03+00:00","twitter_card":"summary_large_image","twitter_misc":{"Dur\u00e9e de lecture estim\u00e9e":"5 minutes"},"schema":{"@context":"https:\/\/schema.org","@graph":[{"@type":"WebPage","@id":"https:\/\/l45suisse.ch\/fr\/politique-de-confidentialite\/","url":"https:\/\/l45suisse.ch\/fr\/politique-de-confidentialite\/","name":"Politique de confidentialit\u00e9 - L45 SUISSE Sagl","isPartOf":{"@id":"https:\/\/l45suisse.ch\/fr\/#website"},"datePublished":"2022-07-25T06:44:27+00:00","dateModified":"2025-05-25T13:12:03+00:00","breadcrumb":{"@id":"https:\/\/l45suisse.ch\/fr\/politique-de-confidentialite\/#breadcrumb"},"inLanguage":"fr-FR","potentialAction":[{"@type":"ReadAction","target":["https:\/\/l45suisse.ch\/fr\/politique-de-confidentialite\/"]}]},{"@type":"BreadcrumbList","@id":"https:\/\/l45suisse.ch\/fr\/politique-de-confidentialite\/#breadcrumb","itemListElement":[{"@type":"ListItem","position":1,"name":"Home","item":"https:\/\/l45suisse.ch\/fr\/"},{"@type":"ListItem","position":2,"name":"Politique de confidentialit\u00e9"}]},{"@type":"WebSite","@id":"https:\/\/l45suisse.ch\/fr\/#website","url":"https:\/\/l45suisse.ch\/fr\/","name":"L45 SUISSE Sagl","description":"Gestion des processus Innovation en mati\u00e8re d'IA pour les entreprises et la communication","publisher":{"@id":"https:\/\/l45suisse.ch\/fr\/#organization"},"potentialAction":[{"@type":"SearchAction","target":{"@type":"EntryPoint","urlTemplate":"https:\/\/l45suisse.ch\/fr\/?s={search_term_string}"},"query-input":{"@type":"PropertyValueSpecification","valueRequired":true,"valueName":"search_term_string"}}],"inLanguage":"fr-FR"},{"@type":"Organization","@id":"https:\/\/l45suisse.ch\/fr\/#organization","name":"L45 SUISSE Sagl","url":"https:\/\/l45suisse.ch\/fr\/","logo":{"@type":"ImageObject","inLanguage":"fr-FR","@id":"https:\/\/l45suisse.ch\/fr\/#\/schema\/logo\/image\/","url":"https:\/\/l45suisse.ch\/wp-content\/uploads\/2025\/05\/L45-logo-rosso_2.png","contentUrl":"https:\/\/l45suisse.ch\/wp-content\/uploads\/2025\/05\/L45-logo-rosso_2.png","width":800,"height":758,"caption":"L45 SUISSE Sagl"},"image":{"@id":"https:\/\/l45suisse.ch\/fr\/#\/schema\/logo\/image\/"},"sameAs":["https:\/\/www.linkedin.com\/company\/l45-suisse\/"]}]}},"_links":{"self":[{"href":"https:\/\/l45suisse.ch\/fr\/wp-json\/wp\/v2\/pages\/384","targetHints":{"allow":["GET"]}}],"collection":[{"href":"https:\/\/l45suisse.ch\/fr\/wp-json\/wp\/v2\/pages"}],"about":[{"href":"https:\/\/l45suisse.ch\/fr\/wp-json\/wp\/v2\/types\/page"}],"author":[{"embeddable":true,"href":"https:\/\/l45suisse.ch\/fr\/wp-json\/wp\/v2\/users\/2"}],"replies":[{"embeddable":true,"href":"https:\/\/l45suisse.ch\/fr\/wp-json\/wp\/v2\/comments?post=384"}],"version-history":[{"count":3,"href":"https:\/\/l45suisse.ch\/fr\/wp-json\/wp\/v2\/pages\/384\/revisions"}],"predecessor-version":[{"id":483,"href":"https:\/\/l45suisse.ch\/fr\/wp-json\/wp\/v2\/pages\/384\/revisions\/483"}],"wp:attachment":[{"href":"https:\/\/l45suisse.ch\/fr\/wp-json\/wp\/v2\/media?parent=384"}],"curies":[{"name":"wp","href":"https:\/\/api.w.org\/{rel}","templated":true}]}}