{"id":468,"date":"2025-05-25T14:55:33","date_gmt":"2025-05-25T12:55:33","guid":{"rendered":"https:\/\/l45suisse.ch\/cookie-richtlinie\/"},"modified":"2025-05-25T14:59:33","modified_gmt":"2025-05-25T12:59:33","slug":"cookie-richtlinie","status":"publish","type":"page","link":"https:\/\/l45suisse.ch\/de\/cookie-richtlinie\/","title":{"rendered":"Cookie-Richtlinie"},"content":{"rendered":"\n<style>\n    a.cky-banner-element {\n        padding: 8px 30px;\n        background: #000000;\n        color: #ffffff;\n        border: 1px solid #DEE2E6;\n        box-sizing: border-box;\n        border-radius: 2px;\n        cursor: pointer;\n}\n<\/style>\n\n<p>\n  Datum des Inkrafttretens: 25-Mai-2025 <br\/> Zuletzt aktualisiert: 25-Mai-2025\n<\/p>\n\n \n<h5>Was sind Cookies?<\/h5>\n<div class=\"cookie-policy-p\"><p>Diese Cookie-Richtlinie erkl\u00e4rt, was Cookies sind und wie wir sie verwenden, welche Arten von Cookies wir verwenden, welche Informationen wir mit Hilfe von Cookies sammeln und wie diese Informationen verwendet werden, und wie Sie Ihre Cookie-Einstellungen verwalten k\u00f6nnen.<\/p> <p>Cookies sind kleine Textdateien, die dazu dienen, kleine Informationen zu speichern. Sie werden auf Ihrem Ger\u00e4t gespeichert, wenn die Website in Ihrem Browser geladen wird. Diese Cookies helfen uns, die Website ordnungsgem\u00e4\u00df funktionieren zu lassen, sie sicherer zu machen, die Benutzerfreundlichkeit zu verbessern und zu verstehen, wie die Website funktioniert und zu analysieren, was funktioniert und wo sie verbessert werden muss.  <\/p><\/div>\n\n \n<h5>Wie verwenden wir Cookies?<\/h5>\n<div class=\"cookie-policy-p\"><p>Wie die meisten Online-Dienste verwendet auch unsere Website Erstanbieter- und Drittanbieter-Cookies f\u00fcr verschiedene Zwecke. Cookies von Erstanbietern sind meist notwendig, damit die Website richtig funktioniert, und sie erfassen keine pers\u00f6nlichen Daten von Ihnen. <\/p> <p>Die Cookies von Drittanbietern, die auf unserer Website verwendet werden, dienen haupts\u00e4chlich dazu, zu verstehen, wie die Website funktioniert, wie Sie mit unserer Website interagieren, unsere Dienste sicher zu halten, Ihnen f\u00fcr Sie relevante Werbung bereitzustellen und Ihnen insgesamt eine bessere und verbesserte Benutzererfahrung zu bieten und Ihre zuk\u00fcnftigen Interaktionen mit unserer Website zu beschleunigen.<\/p><\/div>\n\n \n    <h5>Arten von Cookies, die wir verwenden<\/h5>\n\n    <div class=\"cky-audit-table-element\"><\/div>\n\n \n\n    <h5 style=\"margin-bottom:20px;\">Cookie-Einstellungen verwalten<\/h5>\n\n    <a class=\"cky-banner-element\">Cookie-Einstellungen<\/a> <br\/><br\/>\n    <div><p>Sie k\u00f6nnen Ihre Cookie-Einstellungen jederzeit \u00e4ndern, indem Sie auf die obige Schaltfl\u00e4che klicken. So k\u00f6nnen Sie das Cookie-Einwilligungsbanner erneut aufrufen und Ihre Einstellungen \u00e4ndern oder Ihre Einwilligung sofort widerrufen.   <\/p> <p>Dar\u00fcber hinaus bieten die verschiedenen Browser unterschiedliche Methoden zum Blockieren und L\u00f6schen von Cookies, die von Websites verwendet werden. Sie k\u00f6nnen die Einstellungen Ihres Browsers \u00e4ndern, um die Cookies zu blockieren\/l\u00f6schen. Nachfolgend finden Sie die Links zu den Support-Dokumenten der wichtigsten Webbrowser, in denen beschrieben wird, wie Sie Cookies verwalten und l\u00f6schen k\u00f6nnen.  <\/p> <p>Chrom: <a target=\"_blank\" href=\"https:\/\/support.google.com\/accounts\/answer\/32050\">https:\/\/support.google.com\/accounts\/answer\/32050<\/a><\/p><p>Safari: <a target=\"_blank\" href=\"https:\/\/support.apple.com\/en-in\/guide\/safari\/sfri11471\/mac\">https:\/\/support.apple.com\/en-in\/guide\/safari\/sfri11471\/mac<\/a><\/p><p>Firefox: <a target=\"_blank\" href=\"https:\/\/support.mozilla.org\/en-US\/kb\/clear-cookies-and-site-data-firefox?redirectslug=delete-cookies-remove-info-websites-stored&#038;redirectlocale=en-US\">https:\/\/support.mozilla.org\/en-US\/kb\/clear-cookies-and-site-data-firefox?redirectslug=delete-cookies-remove-info-websites-stored&#038;redirectlocale=en-US<\/a><\/p><p>Internet Explorer: <a target=\"_blank\" href=\"https:\/\/support.microsoft.com\/en-us\/topic\/how-to-delete-cookie-files-in-internet-explorer-bca9446f-d873-78de-77ba-d42645fa52fc\">https:\/\/support.microsoft.com\/en-us\/topic\/how-to-delete-cookie-files-in-internet-explorer-bca9446f-d873-78de-77ba-d42645fa52fc<\/a><\/p><p>Wenn Sie einen anderen Webbrowser verwenden, besuchen Sie bitte die offiziellen Support-Dokumente f\u00fcr Ihren Browser.<\/p><\/div>\n\n\n \n","protected":false},"excerpt":{"rendered":"<p>Datum des Inkrafttretens: 25-Mai-2025 Zuletzt aktualisiert: 25-Mai-2025 Was sind Cookies? Diese Cookie-Richtlinie erkl\u00e4rt, was Cookies sind und wie wir sie verwenden, welche Arten von Cookies wir<span class=\"excerpt-hellip\"> [\u2026]<\/span><\/p>\n","protected":false},"author":2,"featured_media":0,"parent":0,"menu_order":0,"comment_status":"closed","ping_status":"closed","template":"","meta":{"footnotes":""},"class_list":["post-468","page","type-page","status-publish","hentry"],"yoast_head":"<!-- This site is optimized with the Yoast SEO Premium plugin v25.4 (Yoast SEO v25.3) - https:\/\/yoast.com\/wordpress\/plugins\/seo\/ -->\n<title>Cookie-Richtlinie - L45 SUISSE Sagl<\/title>\n<meta name=\"robots\" content=\"index, follow, max-snippet:-1, max-image-preview:large, max-video-preview:-1\" \/>\n<link rel=\"canonical\" href=\"https:\/\/l45suisse.ch\/de\/cookie-richtlinie\/\" \/>\n<meta property=\"og:locale\" content=\"de_DE\" \/>\n<meta property=\"og:type\" content=\"article\" \/>\n<meta property=\"og:title\" content=\"Cookie-Richtlinie - L45 SUISSE Sagl\" \/>\n<meta property=\"og:description\" content=\"Datum des Inkrafttretens: 25-Mai-2025 Zuletzt aktualisiert: 25-Mai-2025 Was sind Cookies? Diese Cookie-Richtlinie erkl\u00e4rt, was Cookies sind und wie wir sie verwenden, welche Arten von Cookies wir [\u2026]\" \/>\n<meta property=\"og:url\" content=\"https:\/\/l45suisse.ch\/de\/cookie-richtlinie\/\" \/>\n<meta property=\"og:site_name\" content=\"L45 SUISSE Sagl\" \/>\n<meta property=\"article:modified_time\" content=\"2025-05-25T12:59:33+00:00\" \/>\n<meta name=\"twitter:card\" content=\"summary_large_image\" \/>\n<meta name=\"twitter:label1\" content=\"Gesch\u00e4tzte Lesezeit\" \/>\n\t<meta name=\"twitter:data1\" content=\"2\u00a0Minuten\" \/>\n<script type=\"application\/ld+json\" class=\"yoast-schema-graph\">{\"@context\":\"https:\/\/schema.org\",\"@graph\":[{\"@type\":\"WebPage\",\"@id\":\"https:\/\/l45suisse.ch\/de\/cookie-richtlinie\/\",\"url\":\"https:\/\/l45suisse.ch\/de\/cookie-richtlinie\/\",\"name\":\"Cookie-Richtlinie - L45 SUISSE Sagl\",\"isPartOf\":{\"@id\":\"https:\/\/l45suisse.ch\/de\/#website\"},\"datePublished\":\"2025-05-25T12:55:33+00:00\",\"dateModified\":\"2025-05-25T12:59:33+00:00\",\"breadcrumb\":{\"@id\":\"https:\/\/l45suisse.ch\/de\/cookie-richtlinie\/#breadcrumb\"},\"inLanguage\":\"de\",\"potentialAction\":[{\"@type\":\"ReadAction\",\"target\":[\"https:\/\/l45suisse.ch\/de\/cookie-richtlinie\/\"]}]},{\"@type\":\"BreadcrumbList\",\"@id\":\"https:\/\/l45suisse.ch\/de\/cookie-richtlinie\/#breadcrumb\",\"itemListElement\":[{\"@type\":\"ListItem\",\"position\":1,\"name\":\"Home\",\"item\":\"https:\/\/l45suisse.ch\/de\/\"},{\"@type\":\"ListItem\",\"position\":2,\"name\":\"Cookie-Richtlinie\"}]},{\"@type\":\"WebSite\",\"@id\":\"https:\/\/l45suisse.ch\/de\/#website\",\"url\":\"https:\/\/l45suisse.ch\/de\/\",\"name\":\"L45 SUISSE Sagl\",\"description\":\"Prozessmanagement KI-Innovation f\u00fcr Unternehmen &amp; Kommunikation\",\"publisher\":{\"@id\":\"https:\/\/l45suisse.ch\/de\/#organization\"},\"potentialAction\":[{\"@type\":\"SearchAction\",\"target\":{\"@type\":\"EntryPoint\",\"urlTemplate\":\"https:\/\/l45suisse.ch\/de\/?s={search_term_string}\"},\"query-input\":{\"@type\":\"PropertyValueSpecification\",\"valueRequired\":true,\"valueName\":\"search_term_string\"}}],\"inLanguage\":\"de\"},{\"@type\":\"Organization\",\"@id\":\"https:\/\/l45suisse.ch\/de\/#organization\",\"name\":\"L45 SUISSE Sagl\",\"url\":\"https:\/\/l45suisse.ch\/de\/\",\"logo\":{\"@type\":\"ImageObject\",\"inLanguage\":\"de\",\"@id\":\"https:\/\/l45suisse.ch\/de\/#\/schema\/logo\/image\/\",\"url\":\"https:\/\/l45suisse.ch\/wp-content\/uploads\/2025\/05\/L45-logo-rosso_2.png\",\"contentUrl\":\"https:\/\/l45suisse.ch\/wp-content\/uploads\/2025\/05\/L45-logo-rosso_2.png\",\"width\":800,\"height\":758,\"caption\":\"L45 SUISSE Sagl\"},\"image\":{\"@id\":\"https:\/\/l45suisse.ch\/de\/#\/schema\/logo\/image\/\"},\"sameAs\":[\"https:\/\/www.linkedin.com\/company\/l45-suisse\/\"]}]}<\/script>\n<!-- \/ Yoast SEO Premium plugin. -->","yoast_head_json":{"title":"Cookie-Richtlinie - L45 SUISSE Sagl","robots":{"index":"index","follow":"follow","max-snippet":"max-snippet:-1","max-image-preview":"max-image-preview:large","max-video-preview":"max-video-preview:-1"},"canonical":"https:\/\/l45suisse.ch\/de\/cookie-richtlinie\/","og_locale":"de_DE","og_type":"article","og_title":"Cookie-Richtlinie - L45 SUISSE Sagl","og_description":"Datum des Inkrafttretens: 25-Mai-2025 Zuletzt aktualisiert: 25-Mai-2025 Was sind Cookies? Diese Cookie-Richtlinie erkl\u00e4rt, was Cookies sind und wie wir sie verwenden, welche Arten von Cookies wir [\u2026]","og_url":"https:\/\/l45suisse.ch\/de\/cookie-richtlinie\/","og_site_name":"L45 SUISSE Sagl","article_modified_time":"2025-05-25T12:59:33+00:00","twitter_card":"summary_large_image","twitter_misc":{"Gesch\u00e4tzte Lesezeit":"2\u00a0Minuten"},"schema":{"@context":"https:\/\/schema.org","@graph":[{"@type":"WebPage","@id":"https:\/\/l45suisse.ch\/de\/cookie-richtlinie\/","url":"https:\/\/l45suisse.ch\/de\/cookie-richtlinie\/","name":"Cookie-Richtlinie - L45 SUISSE Sagl","isPartOf":{"@id":"https:\/\/l45suisse.ch\/de\/#website"},"datePublished":"2025-05-25T12:55:33+00:00","dateModified":"2025-05-25T12:59:33+00:00","breadcrumb":{"@id":"https:\/\/l45suisse.ch\/de\/cookie-richtlinie\/#breadcrumb"},"inLanguage":"de","potentialAction":[{"@type":"ReadAction","target":["https:\/\/l45suisse.ch\/de\/cookie-richtlinie\/"]}]},{"@type":"BreadcrumbList","@id":"https:\/\/l45suisse.ch\/de\/cookie-richtlinie\/#breadcrumb","itemListElement":[{"@type":"ListItem","position":1,"name":"Home","item":"https:\/\/l45suisse.ch\/de\/"},{"@type":"ListItem","position":2,"name":"Cookie-Richtlinie"}]},{"@type":"WebSite","@id":"https:\/\/l45suisse.ch\/de\/#website","url":"https:\/\/l45suisse.ch\/de\/","name":"L45 SUISSE Sagl","description":"Prozessmanagement KI-Innovation f\u00fcr Unternehmen &amp; Kommunikation","publisher":{"@id":"https:\/\/l45suisse.ch\/de\/#organization"},"potentialAction":[{"@type":"SearchAction","target":{"@type":"EntryPoint","urlTemplate":"https:\/\/l45suisse.ch\/de\/?s={search_term_string}"},"query-input":{"@type":"PropertyValueSpecification","valueRequired":true,"valueName":"search_term_string"}}],"inLanguage":"de"},{"@type":"Organization","@id":"https:\/\/l45suisse.ch\/de\/#organization","name":"L45 SUISSE Sagl","url":"https:\/\/l45suisse.ch\/de\/","logo":{"@type":"ImageObject","inLanguage":"de","@id":"https:\/\/l45suisse.ch\/de\/#\/schema\/logo\/image\/","url":"https:\/\/l45suisse.ch\/wp-content\/uploads\/2025\/05\/L45-logo-rosso_2.png","contentUrl":"https:\/\/l45suisse.ch\/wp-content\/uploads\/2025\/05\/L45-logo-rosso_2.png","width":800,"height":758,"caption":"L45 SUISSE Sagl"},"image":{"@id":"https:\/\/l45suisse.ch\/de\/#\/schema\/logo\/image\/"},"sameAs":["https:\/\/www.linkedin.com\/company\/l45-suisse\/"]}]}},"_links":{"self":[{"href":"https:\/\/l45suisse.ch\/de\/wp-json\/wp\/v2\/pages\/468","targetHints":{"allow":["GET"]}}],"collection":[{"href":"https:\/\/l45suisse.ch\/de\/wp-json\/wp\/v2\/pages"}],"about":[{"href":"https:\/\/l45suisse.ch\/de\/wp-json\/wp\/v2\/types\/page"}],"author":[{"embeddable":true,"href":"https:\/\/l45suisse.ch\/de\/wp-json\/wp\/v2\/users\/2"}],"replies":[{"embeddable":true,"href":"https:\/\/l45suisse.ch\/de\/wp-json\/wp\/v2\/comments?post=468"}],"version-history":[{"count":1,"href":"https:\/\/l45suisse.ch\/de\/wp-json\/wp\/v2\/pages\/468\/revisions"}],"predecessor-version":[{"id":469,"href":"https:\/\/l45suisse.ch\/de\/wp-json\/wp\/v2\/pages\/468\/revisions\/469"}],"wp:attachment":[{"href":"https:\/\/l45suisse.ch\/de\/wp-json\/wp\/v2\/media?parent=468"}],"curies":[{"name":"wp","href":"https:\/\/api.w.org\/{rel}","templated":true}]}}