{"id":382,"date":"2022-07-25T08:44:27","date_gmt":"2022-07-25T06:44:27","guid":{"rendered":"https:\/\/l45suisse.ch\/?page_id=382"},"modified":"2025-05-25T15:11:48","modified_gmt":"2025-05-25T13:11:48","slug":"datenschutzbestimmungen","status":"publish","type":"page","link":"https:\/\/l45suisse.ch\/de\/datenschutzbestimmungen\/","title":{"rendered":"Datenschutzbestimmungen"},"content":{"rendered":"\n<h5 class=\"privacy-policy-h1\"><span>Zuletzt aktualisiert am 22-Mai-2025<\/span>\n    <br\/><span>G\u00fcltig ab 22-Mai-2025<\/span>\n    <\/h5>\n    \n    <p class=\"privacy-policy-p\">\n  Diese Datenschutzrichtlinie beschreibt die Richtlinien von\n    \n L45 SUISSE Sagl,\n Via Carlo Maderno 18, Lugano,\n Cantone Ticino\n 6900,\n Schweiz,\n email: alessio@l45suisse.ch,\n phone: +41793971423\n    \n \u00fcber die Erfassung,\n Nutzung und Weitergabe Ihrer Daten, die wir\n erfassen, wenn Sie unsere Website ( https:\/\/l45suisse.ch\/ ) nutzen.\n (der \u201eDienst\u201c). Indem Sie auf\n zugreifen oder den\n Service nutzen, erkl\u00e4ren Sie sich mit der Erfassung, Verwendung und\n Weitergabe Ihrer Daten gem\u00e4\u00df dieser\n Datenschutzrichtlinie einverstanden. Wenn Sie damit nicht einverstanden sind,\n, verzichten Sie bitte auf den Zugriff auf den Dienst und dessen Nutzung.\n    <\/p>\n    \n    <p class=\"privacy-policy-p\">\n  Wir k\u00f6nnen diese Datenschutzrichtlinie jederzeit ohne\n vorherige Benachrichtigung an Sie \u00e4ndern und werden die \u00fcberarbeitete\n Datenschutzrichtlinie in den Dienst einstellen. Die \u00fcberarbeitete Richtlinie tritt\n 180 Tage nach der Ver\u00f6ffentlichung der\n \u00fcberarbeiteten Richtlinie im Dienst in Kraft und Ihr\n fortgesetzter Zugriff auf den Dienst oder dessen Nutzung nach diesem Zeitpunkt\n gilt als Ihre Zustimmung zu der \u00fcberarbeiteten Datenschutzrichtlinie\n. Wir empfehlen Ihnen daher, diese Seite\n regelm\u00e4\u00dfig zu \u00fcberpr\u00fcfen.  \n    <\/p>\n    \n    <ol class=\"privacy-policy-ol\">\n            <li>\n            <h5 class=\"privacy-policy-h5\">\n  Informationen, die wir sammeln:\n            <\/h5>\n    \n            \n            <p class=\"privacy-policy-p\">\n  Wir werden die folgenden\n pers\u00f6nlichen Informationen \u00fcber Sie sammeln und verarbeiten:\n            <\/p>\n            <ol class=\"privacy-policy-ol\">\n    \n                            <li>Name<\/li>\n                \n                            <li>E-Mail<\/li>\n                \n                \n                \n                \n                \n                \n                            \n                                        \n            <\/ol>\n            \n    \n            \n    \n        <\/li>\n    \n        \n        \n    \n            <li>\n            <h5 class=\"privacy-policy-h5\">\n  Wie wir Ihre Informationen verwenden:\n            <\/h5>\n            <p class=\"privacy-policy-p\">\n  Wir werden die Informationen, die wir unter\n \u00fcber Sie sammeln, f\u00fcr die folgenden Zwecke verwenden:\n            <\/p>\n            <ol class=\"privacy-policy-ol\">\n    \n                \n                \n                \n                \n                \n                \n                            <li>Unterst\u00fctzen Sie<\/li>\n                \n                \n                \n                \n                \n                \n                \n                \n            <\/ol>\n            <p class=\"privacy-policy-p\">\n  Wenn wir Ihre Daten f\u00fcr einen anderen\n Zweck verwenden m\u00f6chten, werden wir Sie um Ihre Zustimmung bitten und\n Ihre Daten nur nach Erhalt Ihrer\n Zustimmung und dann nur f\u00fcr den\/die Zweck(e) verwenden, f\u00fcr den\/die\n die Zustimmung erteilt wurde, es sei denn, wir sind gesetzlich\n zu etwas anderem verpflichtet.\n            <\/p>\n        <\/li>\n        \n        \n        <li>\n            <h5 class=\"privacy-policy-h5\">\n  Wie wir Ihre Informationen weitergeben:\n            <\/h5>\n    \n    \n                    <p class=\"privacy-policy-p\">\n  Wir werden Ihre pers\u00f6nlichen Daten\n nicht an Dritte weitergeben, ohne Ihre Zustimmung einzuholen,\n au\u00dfer unter den nachfolgend beschriebenen, begrenzten Umst\u00e4nden\n:\n            <\/p>\n            <ol class=\"privacy-policy-ol\">\n                \n                \n                \n                \n                            <li>Analytik<\/li>\n                \n                \n                        <\/ol>\n            \n            <p class=\"privacy-policy-p\">\n  Wir verlangen von diesen Dritten, dass sie die\n pers\u00f6nlichen Daten, die wir ihnen \u00fcbermitteln, nur\n f\u00fcr den Zweck verwenden, f\u00fcr den sie \u00fcbermittelt wurden, und\n nicht l\u00e4nger aufbewahren, als es f\u00fcr\n Erf\u00fcllung des genannten Zwecks erforderlich ist.\n            <\/p>\n            <p class=\"privacy-policy-p\">\n  Wir k\u00f6nnen Ihre pers\u00f6nlichen Daten\n auch aus folgenden Gr\u00fcnden offenlegen: (1) um geltende\n Gesetze, Vorschriften, Gerichtsbeschl\u00fcsse oder andere rechtliche\n Verfahren einzuhalten; (2) um Ihre Vereinbarungen mit uns durchzusetzen,\n einschlie\u00dflich dieser Datenschutzrichtlinie; oder (3) um\n auf Anspr\u00fcche zu reagieren, dass Ihre Nutzung des Dienstes\n Rechte Dritter verletzt. Falls der Dienst oder unser\n Unternehmen mit einem anderen\n Unternehmen fusioniert oder \u00fcbernommen wird, geh\u00f6ren Ihre Daten zu den\n Verm\u00f6genswerten, die auf den neuen Eigent\u00fcmer \u00fcbertragen werden. \n            <\/p>\n        <\/li>\n        \n    \n            <li>\n            <h5 class=\"privacy-policy-h5\">\n  Aufbewahrung Ihrer Informationen:\n            <\/h5>\n            <p class=\"privacy-policy-p\">\n  Wir bewahren Ihre pers\u00f6nlichen Daten bei uns\n f\u00fcr\n 90 Tage bis 2 Jahre nach Beendigung des Benutzerkontos\n oder so\n lange auf, wie wir sie ben\u00f6tigen, um die Zwecke\n zu erf\u00fcllen, f\u00fcr die sie gesammelt wurden, wie in dieser\n Datenschutzrichtlinie beschrieben. Es kann sein, dass wir bestimmte\n Daten l\u00e4nger aufbewahren m\u00fcssen, z.B. f\u00fcr\n Aufzeichnungen\/Berichte in \u00dcbereinstimmung mit\n geltendem Recht oder aus anderen legitimen Gr\u00fcnden\n wie der Durchsetzung gesetzlicher Rechte, der Verhinderung von Betrug\n usw. Anonyme Restdaten\n und zusammengefasste Daten, die Sie nicht (direkt oder indirekt) identifizieren\n, k\u00f6nnen auf unbestimmte Zeit gespeichert werden\n.  \n            <\/p>\n        <\/li>\n        \n        <li>\n            <h5 class=\"privacy-policy-h5\">\n  Ihre Rechte:\n            <\/h5>\n            <p class=\"privacy-policy-p\">\n  Je nach geltendem Recht haben Sie\n das Recht, auf Ihre\n personenbezogenen Daten zuzugreifen und diese zu berichtigen oder zu l\u00f6schen oder eine Kopie Ihrer\n personenbezogenen Daten zu erhalten, die aktive\n Verarbeitung Ihrer Daten einzuschr\u00e4nken oder ihr zu widersprechen, uns aufzufordern,\n Ihre personenbezogenen Daten an eine andere Stelle weiterzugeben (zu portieren),\n die von Ihnen erteilte Zustimmung zur\n Verarbeitung Ihrer Daten zu widerrufen, das Recht,\n eine Beschwerde bei einer gesetzlichen Beh\u00f6rde einzureichen sowie weitere Rechte\n, die nach geltendem Recht relevant sein k\u00f6nnen. Um\n diese Rechte auszu\u00fcben, k\u00f6nnen Sie uns unter\n alessio@l45suisse.ch schreiben.\n Wir werden Ihre\n Anfrage in \u00dcbereinstimmung mit dem geltenden Recht beantworten. \n            <\/p>\n    \n            \n            <p class=\"privacy-policy-p\">\n  Bitte beachten Sie, dass Sie m\u00f6glicherweise nicht auf\n zugreifen oder die Dienste nutzen k\u00f6nnen, f\u00fcr die Ihre Daten\n angefordert wurden, wenn Sie uns nicht gestatten,\n die erforderlichen personenbezogenen Daten zu sammeln oder zu verarbeiten, oder\n die Zustimmung zur Verarbeitung dieser Daten f\u00fcr die\n erforderlichen Zwecke zur\u00fcckziehen.\n            <\/p>\n        <\/li>\n            <li>\n            <h5 class=\"privacy-policy-h5\">\n  Cookies etc.\n            <\/h5>\n            <p class=\"privacy-policy-p\">\n    \n                \n  Um mehr dar\u00fcber zu erfahren, wie wir diese\n verwenden und welche M\u00f6glichkeiten Sie in Bezug auf diese Tracking-Technologien\n haben, lesen Sie bitte unsere\n <a href=\"https:\/\/l45suisse.ch\/de\/cookie-richtlinie\/\">Cookie-Richtlinie.<\/a>\n            <\/p>\n        <\/li>\n        \n        <li>\n            <h5 class=\"privacy-policy-h5\">\n  Sicherheit:\n            <\/h5>\n            <p class=\"privacy-policy-p\">\n  Die Sicherheit Ihrer Daten ist uns wichtig\n und wir werden angemessene Sicherheitsma\u00dfnahmen\n ergreifen, um den Verlust, den Missbrauch oder die unbefugte\n \u00c4nderung Ihrer Daten unter unserer\n Kontrolle zu verhindern. In Anbetracht der inh\u00e4renten Risiken k\u00f6nnen wir\n jedoch keine absolute Sicherheit garantieren und\n k\u00f6nnen wir folglich die\n Sicherheit von Informationen, die Sie an uns\n \u00fcbermitteln, weder gew\u00e4hrleisten noch garantieren, und Sie tun dies auf eigenes Risiko. \n            <\/p>\n        <\/li>\n    \n        \n        <li>\n            <h5 class=\"privacy-policy-h5\">\n  Beschwerde-\/Datenschutzbeauftragter:\n            <\/h5>\n            <p class=\"privacy-policy-p\">\n  Wenn Sie Fragen oder Bedenken bez\u00fcglich der\n Verarbeitung Ihrer bei uns verf\u00fcgbaren Daten\n haben, k\u00f6nnen Sie sich per E-Mail an unseren Beschwerdebeauftragten wenden:\n L45 SUISSE Sagl,\n Via Carlo Maderno 18, Lugano,\n E-Mail: alessio@l45suisse.ch.\n Wir werden Ihr Anliegen in \u00dcbereinstimmung mit dem geltenden Recht behandeln.\n            <\/p>\n        <\/li>\n    <\/ol>\n\n\n\n<p><\/p>\n","protected":false},"excerpt":{"rendered":"<p>Zuletzt aktualisiert am 22-Mai-2025 G\u00fcltig ab 22-Mai-2025 Diese Datenschutzrichtlinie beschreibt die Richtlinien von L45 SUISSE Sagl, Via Carlo Maderno 18, Lugano, Cantone Ticino 6900, Schweiz, email:<span class=\"excerpt-hellip\"> [\u2026]<\/span><\/p>\n","protected":false},"author":2,"featured_media":0,"parent":0,"menu_order":0,"comment_status":"open","ping_status":"open","template":"","meta":{"footnotes":""},"class_list":["post-382","page","type-page","status-publish","hentry"],"yoast_head":"<!-- This site is optimized with the Yoast SEO Premium plugin v25.4 (Yoast SEO v25.3) - https:\/\/yoast.com\/wordpress\/plugins\/seo\/ -->\n<title>Datenschutzbestimmungen - L45 SUISSE Sagl<\/title>\n<meta name=\"robots\" content=\"noindex, follow\" \/>\n<meta property=\"og:locale\" content=\"de_DE\" \/>\n<meta property=\"og:type\" content=\"article\" \/>\n<meta property=\"og:title\" content=\"Datenschutzbestimmungen - L45 SUISSE Sagl\" \/>\n<meta property=\"og:description\" content=\"Zuletzt aktualisiert am 22-Mai-2025 G\u00fcltig ab 22-Mai-2025 Diese Datenschutzrichtlinie beschreibt die Richtlinien von L45 SUISSE Sagl, Via Carlo Maderno 18, Lugano, Cantone Ticino 6900, Schweiz, email: [\u2026]\" \/>\n<meta property=\"og:url\" content=\"https:\/\/l45suisse.ch\/de\/datenschutzbestimmungen\/\" \/>\n<meta property=\"og:site_name\" content=\"L45 SUISSE Sagl\" \/>\n<meta property=\"article:modified_time\" content=\"2025-05-25T13:11:48+00:00\" \/>\n<meta name=\"twitter:card\" content=\"summary_large_image\" \/>\n<meta name=\"twitter:label1\" content=\"Gesch\u00e4tzte Lesezeit\" \/>\n\t<meta name=\"twitter:data1\" content=\"4\u00a0Minuten\" \/>\n<script type=\"application\/ld+json\" class=\"yoast-schema-graph\">{\"@context\":\"https:\/\/schema.org\",\"@graph\":[{\"@type\":\"WebPage\",\"@id\":\"https:\/\/l45suisse.ch\/de\/datenschutzbestimmungen\/\",\"url\":\"https:\/\/l45suisse.ch\/de\/datenschutzbestimmungen\/\",\"name\":\"Datenschutzbestimmungen - L45 SUISSE Sagl\",\"isPartOf\":{\"@id\":\"https:\/\/l45suisse.ch\/de\/#website\"},\"datePublished\":\"2022-07-25T06:44:27+00:00\",\"dateModified\":\"2025-05-25T13:11:48+00:00\",\"breadcrumb\":{\"@id\":\"https:\/\/l45suisse.ch\/de\/datenschutzbestimmungen\/#breadcrumb\"},\"inLanguage\":\"de\",\"potentialAction\":[{\"@type\":\"ReadAction\",\"target\":[\"https:\/\/l45suisse.ch\/de\/datenschutzbestimmungen\/\"]}]},{\"@type\":\"BreadcrumbList\",\"@id\":\"https:\/\/l45suisse.ch\/de\/datenschutzbestimmungen\/#breadcrumb\",\"itemListElement\":[{\"@type\":\"ListItem\",\"position\":1,\"name\":\"Home\",\"item\":\"https:\/\/l45suisse.ch\/de\/\"},{\"@type\":\"ListItem\",\"position\":2,\"name\":\"Datenschutzbestimmungen\"}]},{\"@type\":\"WebSite\",\"@id\":\"https:\/\/l45suisse.ch\/de\/#website\",\"url\":\"https:\/\/l45suisse.ch\/de\/\",\"name\":\"L45 SUISSE Sagl\",\"description\":\"Prozessmanagement KI-Innovation f\u00fcr Unternehmen &amp; Kommunikation\",\"publisher\":{\"@id\":\"https:\/\/l45suisse.ch\/de\/#organization\"},\"potentialAction\":[{\"@type\":\"SearchAction\",\"target\":{\"@type\":\"EntryPoint\",\"urlTemplate\":\"https:\/\/l45suisse.ch\/de\/?s={search_term_string}\"},\"query-input\":{\"@type\":\"PropertyValueSpecification\",\"valueRequired\":true,\"valueName\":\"search_term_string\"}}],\"inLanguage\":\"de\"},{\"@type\":\"Organization\",\"@id\":\"https:\/\/l45suisse.ch\/de\/#organization\",\"name\":\"L45 SUISSE Sagl\",\"url\":\"https:\/\/l45suisse.ch\/de\/\",\"logo\":{\"@type\":\"ImageObject\",\"inLanguage\":\"de\",\"@id\":\"https:\/\/l45suisse.ch\/de\/#\/schema\/logo\/image\/\",\"url\":\"https:\/\/l45suisse.ch\/wp-content\/uploads\/2025\/05\/L45-logo-rosso_2.png\",\"contentUrl\":\"https:\/\/l45suisse.ch\/wp-content\/uploads\/2025\/05\/L45-logo-rosso_2.png\",\"width\":800,\"height\":758,\"caption\":\"L45 SUISSE Sagl\"},\"image\":{\"@id\":\"https:\/\/l45suisse.ch\/de\/#\/schema\/logo\/image\/\"},\"sameAs\":[\"https:\/\/www.linkedin.com\/company\/l45-suisse\/\"]}]}<\/script>\n<!-- \/ Yoast SEO Premium plugin. -->","yoast_head_json":{"title":"Datenschutzbestimmungen - L45 SUISSE Sagl","robots":{"index":"noindex","follow":"follow"},"og_locale":"de_DE","og_type":"article","og_title":"Datenschutzbestimmungen - L45 SUISSE Sagl","og_description":"Zuletzt aktualisiert am 22-Mai-2025 G\u00fcltig ab 22-Mai-2025 Diese Datenschutzrichtlinie beschreibt die Richtlinien von L45 SUISSE Sagl, Via Carlo Maderno 18, Lugano, Cantone Ticino 6900, Schweiz, email: [\u2026]","og_url":"https:\/\/l45suisse.ch\/de\/datenschutzbestimmungen\/","og_site_name":"L45 SUISSE Sagl","article_modified_time":"2025-05-25T13:11:48+00:00","twitter_card":"summary_large_image","twitter_misc":{"Gesch\u00e4tzte Lesezeit":"4\u00a0Minuten"},"schema":{"@context":"https:\/\/schema.org","@graph":[{"@type":"WebPage","@id":"https:\/\/l45suisse.ch\/de\/datenschutzbestimmungen\/","url":"https:\/\/l45suisse.ch\/de\/datenschutzbestimmungen\/","name":"Datenschutzbestimmungen - L45 SUISSE Sagl","isPartOf":{"@id":"https:\/\/l45suisse.ch\/de\/#website"},"datePublished":"2022-07-25T06:44:27+00:00","dateModified":"2025-05-25T13:11:48+00:00","breadcrumb":{"@id":"https:\/\/l45suisse.ch\/de\/datenschutzbestimmungen\/#breadcrumb"},"inLanguage":"de","potentialAction":[{"@type":"ReadAction","target":["https:\/\/l45suisse.ch\/de\/datenschutzbestimmungen\/"]}]},{"@type":"BreadcrumbList","@id":"https:\/\/l45suisse.ch\/de\/datenschutzbestimmungen\/#breadcrumb","itemListElement":[{"@type":"ListItem","position":1,"name":"Home","item":"https:\/\/l45suisse.ch\/de\/"},{"@type":"ListItem","position":2,"name":"Datenschutzbestimmungen"}]},{"@type":"WebSite","@id":"https:\/\/l45suisse.ch\/de\/#website","url":"https:\/\/l45suisse.ch\/de\/","name":"L45 SUISSE Sagl","description":"Prozessmanagement KI-Innovation f\u00fcr Unternehmen &amp; Kommunikation","publisher":{"@id":"https:\/\/l45suisse.ch\/de\/#organization"},"potentialAction":[{"@type":"SearchAction","target":{"@type":"EntryPoint","urlTemplate":"https:\/\/l45suisse.ch\/de\/?s={search_term_string}"},"query-input":{"@type":"PropertyValueSpecification","valueRequired":true,"valueName":"search_term_string"}}],"inLanguage":"de"},{"@type":"Organization","@id":"https:\/\/l45suisse.ch\/de\/#organization","name":"L45 SUISSE Sagl","url":"https:\/\/l45suisse.ch\/de\/","logo":{"@type":"ImageObject","inLanguage":"de","@id":"https:\/\/l45suisse.ch\/de\/#\/schema\/logo\/image\/","url":"https:\/\/l45suisse.ch\/wp-content\/uploads\/2025\/05\/L45-logo-rosso_2.png","contentUrl":"https:\/\/l45suisse.ch\/wp-content\/uploads\/2025\/05\/L45-logo-rosso_2.png","width":800,"height":758,"caption":"L45 SUISSE Sagl"},"image":{"@id":"https:\/\/l45suisse.ch\/de\/#\/schema\/logo\/image\/"},"sameAs":["https:\/\/www.linkedin.com\/company\/l45-suisse\/"]}]}},"_links":{"self":[{"href":"https:\/\/l45suisse.ch\/de\/wp-json\/wp\/v2\/pages\/382","targetHints":{"allow":["GET"]}}],"collection":[{"href":"https:\/\/l45suisse.ch\/de\/wp-json\/wp\/v2\/pages"}],"about":[{"href":"https:\/\/l45suisse.ch\/de\/wp-json\/wp\/v2\/types\/page"}],"author":[{"embeddable":true,"href":"https:\/\/l45suisse.ch\/de\/wp-json\/wp\/v2\/users\/2"}],"replies":[{"embeddable":true,"href":"https:\/\/l45suisse.ch\/de\/wp-json\/wp\/v2\/comments?post=382"}],"version-history":[{"count":3,"href":"https:\/\/l45suisse.ch\/de\/wp-json\/wp\/v2\/pages\/382\/revisions"}],"predecessor-version":[{"id":482,"href":"https:\/\/l45suisse.ch\/de\/wp-json\/wp\/v2\/pages\/382\/revisions\/482"}],"wp:attachment":[{"href":"https:\/\/l45suisse.ch\/de\/wp-json\/wp\/v2\/media?parent=382"}],"curies":[{"name":"wp","href":"https:\/\/api.w.org\/{rel}","templated":true}]}}